{"id":2666,"date":"2024-03-24T01:49:00","date_gmt":"2024-03-24T00:49:00","guid":{"rendered":"https:\/\/www.jakobs-dingel.de\/?page_id=2666"},"modified":"2024-04-19T02:50:18","modified_gmt":"2024-04-19T00:50:18","slug":"impressum","status":"publish","type":"page","link":"https:\/\/jakobs-dingel.de\/es\/standorte\/palma\/impressum\/","title":{"rendered":"Aviso legal"},"content":{"rendered":"\n<h1>Aviso legal<\/h1>\n\n<h2>Informaci\u00f3n seg\u00fan el \u00a7 5 TMG<\/h2>\n<p>Jakobs &amp; Dingel Steuerberatungsgesellschaft mbH<br \/>\nSucursal Palma<br \/>\nPaseo del Borne 15 3 C\/D<br \/>\n07012 Palma de Mallorca<\/p>\n\n<p>Registro mercantil: HRB 29343<br \/>\nJuzgado de registro: AG Montabaur<\/p>\n\n<p><strong>Representado por la junta directiva:<\/strong><br \/>\nChristian Jakobs, Asesor fiscal<br\/>\nJanik Dingel, Asesor fiscal<\/p>\n\n<p><strong>Presidente del consejo de supervisi\u00f3n:<\/strong><br \/>\nKonrad Jakobs, Asesor fiscal<\/p>\n\n<h2>Contacto<\/h2>\n<p>Tel\u00e9fono: +49 2634 \/ 2521<br \/>\nCorreo electr\u00f3nico: palma@jakobs-dingel.de\n<\/p>\n\n<h2>Identificaci\u00f3n de impuesto sobre ventas<\/h2>\n<p>N\u00famero de identificaci\u00f3n de impuesto sobre ventas seg\u00fan el \u00a7 27 a de la Ley del impuesto sobre ventas:<br \/>\nDE363187529<\/p>\n\n<h2>Normativa profesional<\/h2>\n<p>Colegio competente:<br \/>\nColegio de Asesores Fiscales de Renania-Palatinado<br \/>\nH\u00f6lderlinstra\u00dfe 1<br>\n55131 Mainz<\/p>\n<p>Otorgado en:<br \/>\nRep\u00fablica Federal de Alemania<\/p>\n<p>Se aplican las siguientes normativas profesionales:<\/p>\n<p>Ley de Asesor\u00eda Fiscal (StBerG)<br \/>\nconsultable en: <a href=\"http:\/\/www.bstbk.de\/\" target=\"_blank\" rel=\"noopener noreferrer\">http:\/\/www.bstbk.de\/<\/a><\/p>\n<p>Reglamento de ejecuci\u00f3n de la Ley de Asesor\u00eda Fiscal (DVStB)<br \/>\nconsultable en: <a href=\"http:\/\/www.bstbk.de\/\" target=\"_blank\" rel=\"noopener noreferrer\">http:\/\/www.bstbk.de\/<\/a><\/p>\n<p>Orden profesional para asesores fiscales (BOStB)<br \/>\nconsultable en: <a href=\"http:\/\/www.bstbk.de\/\" target=\"_blank\" rel=\"noopener noreferrer\">http:\/\/www.bstbk.de\/<\/a><\/p>\n<p>Ordenanza de honorarios de asesores fiscales (StBGebV)<br \/>\nconsultable en: <a href=\"http:\/\/www.bstbk.de\/\" target=\"_blank\" rel=\"noopener noreferrer\">http:\/\/www.bstbk.de\/<\/a><\/p>\n\n<h2>Informaci\u00f3n sobre el seguro de responsabilidad profesional<\/h2>\n<p><strong>Nombre y sede del asegurador:<\/strong><br \/>\nAllianz Versicherungs-AG <br \/>\n0900 Berlin<\/p>\n\n<h2>Responsable editorial<\/h2>\n<p>Julian Bey<br \/>\nAubachstra\u00dfe 69<br \/>\n56567 Neuwied &#8211; Niederbieber<\/p>\n\n<h2>Resoluci\u00f3n de litigios en l\u00ednea de la UE<\/h2>\n<p>La Comisi\u00f3n Europea proporciona una plataforma para la resoluci\u00f3n de litigios en l\u00ednea (RLL): <a href=\"https:\/\/ec.europa.eu\/consumers\/odr\/\" target=\"_blank\" rel=\"noopener noreferrer\">https:\/\/ec.europa.eu\/consumers\/odr\/<\/a>.<br \/> Puede encontrar nuestra direcci\u00f3n de correo electr\u00f3nico en el aviso legal arriba.<\/p>\n\n<h2>Resoluci\u00f3n de litigios para consumidores\/Oficina de resoluci\u00f3n de litigios universal<\/h2>\n<p>No estamos dispuestos ni obligados a participar en procedimientos de resoluci\u00f3n de litigios ante una junta de arbitraje de consumidores.<\/p>\n\n\n\n<div class=\"wp-block-stackable-columns alignfull stk-block-columns stk-block stk-b40b13d stk-block-background stk--has-background-overlay\" data-block-id=\"b40b13d\" data-block-type=\"core\" data-block-type=\"core\"><style>.stk-b40b13d {background-image:url(https:\/\/jakobs-dingel.de\/wp-content\/uploads\/2025\/02\/Jakobs-dingel-standorte-background-grau-blau-1.webp) !important;background-attachment:fixed !important;}<\/style><div class=\"stk-row stk-inner-blocks stk-block-content stk-content-align stk-b40b13d-column\">\n<div class=\"wp-block-stackable-column stk-block-column stk-column stk-block stk-405843c\" data-v=\"4\" data-block-id=\"405843c\"><div class=\"stk-column-wrapper stk-block-column__content stk-container stk-405843c-container stk--no-background stk--no-padding\"><div class=\"stk-block-content stk-inner-blocks stk-405843c-inner-blocks\">\n<div class=\"wp-block-stackable-columns stk-block-columns stk-block stk-0e34573\" data-block-id=\"0e34573\"><style>.stk-0e34573 {margin-bottom:30px !important;}.stk-0e34573-column{--stk-columns-spacing:0px !important;--stk-column-gap:20px !important;row-gap:30px !important;}<\/style><div class=\"stk-row stk-inner-blocks stk-block-content stk-content-align stk-0e34573-column\">\n<div class=\"wp-block-stackable-column stk-block-column stk-column stk-block stk-6e69f71 glass-background-column-style\" data-v=\"4\" data-block-id=\"6e69f71\"><style>.stk-6e69f71 {padding-top:20px !important;padding-right:20px !important;padding-bottom:20px !important;padding-left:20px !important;}@media screen and (min-width: 768px){.stk-6e69f71 {flex:var(--stk-flex-grow, 1) 1 25% !important;}}<\/style><div class=\"stk-column-wrapper stk-block-column__content stk-container stk-6e69f71-container stk--no-background stk--no-padding\"><div class=\"stk-block-content stk-inner-blocks stk-6e69f71-inner-blocks\">\n<div class=\"wp-block-stackable-heading stk-block-heading stk-block-heading--v2 stk-block stk-2ccb2a1\" id=\"localizaciones\" data-block-id=\"2ccb2a1\"><h2 class=\"stk-block-heading__text\">Localizaciones<\/h2><\/div>\n\n\n\n<div class=\"wp-block-stackable-text stk-block-text stk-block stk-11adf51\" data-block-id=\"11adf51\"><style>.stk-11adf51 {margin-bottom:0px !important;}<\/style><p class=\"stk-block-text__text\"><a href=\"\/standorte\/bonn\/\">Bonn<\/a><\/p><\/div>\n\n\n\n<div class=\"wp-block-stackable-text stk-block-text stk-block stk-3a3eb16\" data-block-id=\"3a3eb16\"><style>.stk-3a3eb16 {margin-bottom:0px !important;}<\/style><p class=\"stk-block-text__text\"><a href=\"\/standorte\/helferskirchen\/\">Helferskirchen<\/a><\/p><\/div>\n\n\n\n<div class=\"wp-block-stackable-text stk-block-text stk-block stk-fe9a3d2\" data-block-id=\"fe9a3d2\"><style>.stk-fe9a3d2 {margin-bottom:0px !important;}<\/style><p class=\"stk-block-text__text\"><a href=\"\/standorte\/neuwied\/\">Neuwied<\/a><\/p><\/div>\n<\/div><\/div><\/div>\n\n\n\n<div class=\"wp-block-stackable-column stk-block-column stk-column stk-block stk-73c296f glass-background-column-style\" data-v=\"4\" data-block-id=\"73c296f\"><style>.stk-73c296f {padding-top:20px !important;padding-right:20px !important;padding-bottom:20px !important;padding-left:20px !important;}@media screen and (min-width: 768px){.stk-73c296f {flex:var(--stk-flex-grow, 1) 1 25% !important;}}<\/style><div class=\"stk-column-wrapper stk-block-column__content stk-container stk-73c296f-container stk--no-background stk--no-padding\"><div class=\"stk-block-content stk-inner-blocks stk-73c296f-inner-blocks\">\n<div class=\"wp-block-stackable-heading stk-block-heading stk-block-heading--v2 stk-block stk-e673a0a\" id=\"vacantes\" data-block-id=\"e673a0a\"><h2 class=\"stk-block-heading__text\">Vacantes<\/h2><\/div>\n\n\n\n<div class=\"wp-block-stackable-text stk-block-text stk-block stk-520d12f\" data-block-id=\"520d12f\"><style>.stk-520d12f {margin-bottom:0px !important;}<\/style><p class=\"stk-block-text__text\"><a href=\"\/es\/standorte\/palma\/carrera-profesional\/#steuerfachangestellte\">Empleado fiscal<\/a><\/p><\/div>\n\n\n\n<div class=\"wp-block-stackable-text stk-block-text stk-block stk-ff32555\" data-block-id=\"ff32555\"><style>.stk-ff32555 {margin-bottom:0px !important;}<\/style><p class=\"stk-block-text__text\"><a href=\"\/es\/standorte\/palma\/carrera-profesional\/#ausbildung\">Educaci\u00f3n<\/a><\/p><\/div>\n\n\n\n<div class=\"wp-block-stackable-text stk-block-text stk-block stk-28fde55\" data-block-id=\"28fde55\"><style>.stk-28fde55 {margin-bottom:0px !important;}<\/style><p class=\"stk-block-text__text\"><a href=\"\/es\/standorte\/palma\/carrera-profesional\/#praktikum\">Pr\u00e1cticas<\/a><\/p><\/div>\n<\/div><\/div><\/div>\n\n\n\n<div class=\"wp-block-stackable-column stk-block-column stk-column stk-block stk-e2dde91\" data-v=\"4\" data-block-id=\"e2dde91\"><style>.stk-e2dde91 {padding-top:15px !important;padding-right:15px !important;padding-bottom:15px !important;padding-left:15px !important;}@media screen and (min-width: 768px){.stk-e2dde91 {flex:var(--stk-flex-grow, 1) 1 25% !important;}}<\/style><div class=\"stk-column-wrapper stk-block-column__content stk-container stk-e2dde91-container stk--no-background stk--no-padding\"><div class=\"stk-block-content stk-inner-blocks stk-e2dde91-inner-blocks\"><\/div><\/div><\/div>\n\n\n\n<div class=\"wp-block-stackable-column stk-block-column stk-column stk-block stk-85204ee glass-background-column-style\" data-v=\"4\" data-block-id=\"85204ee\"><style>.stk-85204ee {padding-top:20px !important;padding-right:20px !important;padding-bottom:20px !important;padding-left:20px !important;}@media screen and (min-width: 768px){.stk-85204ee {flex:var(--stk-flex-grow, 1) 1 25% !important;}}<\/style><div class=\"stk-column-wrapper stk-block-column__content stk-container stk-85204ee-container stk--no-background stk--no-padding\"><div class=\"stk-block-content stk-inner-blocks stk-85204ee-inner-blocks\">\n<div class=\"wp-block-stackable-image stk-block-image stk-block stk-12d1c0c\" data-block-id=\"12d1c0c\"><style>.stk-12d1c0c .stk-img-wrapper{width:100% !important;}<\/style><figure><span class=\"stk-img-wrapper stk-image--shape-stretch\"><img loading=\"lazy\" decoding=\"async\" class=\"stk-img wp-image-2742\" src=\"https:\/\/jakobs-dingel.de\/wp-content\/uploads\/2024\/04\/Jakobs_Dingel_Consulting_SL_Logo_2404_1-1-1.png\" width=\"300\" height=\"62\"\/><\/span><\/figure><\/div>\n<\/div><\/div><\/div>\n<\/div><\/div>\n\n\n\n<div class=\"wp-block-stackable-text stk-block-text stk-block stk-0c807b7\" data-block-id=\"0c807b7\"><p class=\"stk-block-text__text has-text-align-center\"><a href=\"\/es\/standorte\/palma\/impressum\/\">Aviso legal<\/a> | <a href=\"\/es\/standorte\/palma\/datenschutz\/\">Protecci\u00f3n de datos<\/a><\/p><\/div>\n<\/div><\/div><\/div>\n<\/div><\/div>\n","protected":false},"excerpt":{"rendered":"<p>Aviso legal Informaci\u00f3n seg\u00fan el \u00a7 5 TMG Jakobs &amp; Dingel Steuerberatungsgesellschaft mbH Sucursal Palma Paseo del Borne 15 3 C\/D 07012 Palma de Mallorca Registro mercantil: HRB 29343 Juzgado de registro: AG Montabaur Representado por la junta directiva: Christian Jakobs, Asesor fiscal Janik Dingel, Asesor fiscal Presidente del consejo de supervisi\u00f3n: Konrad Jakobs, Asesor&hellip;<\/p>\n","protected":false},"author":1,"featured_media":0,"parent":2411,"menu_order":0,"comment_status":"closed","ping_status":"closed","template":"template-microsite.php","meta":{"footnotes":""},"class_list":["post-2666","page","type-page","status-publish","hentry","description-off"],"yoast_head":"<!-- This site is optimized with the Yoast SEO plugin v27.5 - https:\/\/yoast.com\/product\/yoast-seo-wordpress\/ -->\n<title>Aviso legal - Jakobs &amp; Dingel Steuerberatungsgesellschaft AG<\/title>\n<meta name=\"robots\" content=\"index, follow, max-snippet:-1, max-image-preview:large, max-video-preview:-1\" \/>\n<link rel=\"canonical\" href=\"https:\/\/jakobs-dingel.de\/standorte\/palma\/impressum\/\" \/>\n<meta property=\"og:locale\" content=\"es_ES\" \/>\n<meta property=\"og:type\" content=\"article\" \/>\n<meta property=\"og:title\" content=\"Aviso legal - Jakobs &amp; Dingel Steuerberatungsgesellschaft AG\" \/>\n<meta property=\"og:description\" content=\"Aviso legal Informaci\u00f3n seg\u00fan el \u00a7 5 TMG Jakobs &amp; Dingel Steuerberatungsgesellschaft mbH Sucursal Palma Paseo del Borne 15 3 C\/D 07012 Palma de Mallorca Registro mercantil: HRB 29343 Juzgado de registro: AG Montabaur Representado por la junta directiva: Christian Jakobs, Asesor fiscal Janik Dingel, Asesor fiscal Presidente del consejo de supervisi\u00f3n: Konrad Jakobs, Asesor&hellip;\" \/>\n<meta property=\"og:url\" content=\"https:\/\/jakobs-dingel.de\/standorte\/palma\/impressum\/\" \/>\n<meta property=\"og:site_name\" content=\"Jakobs &amp; Dingel Steuerberatungsgesellschaft AG\" \/>\n<meta property=\"article:modified_time\" content=\"2024-04-19T00:50:18+00:00\" \/>\n<meta name=\"twitter:card\" content=\"summary_large_image\" \/>\n<meta name=\"twitter:label1\" content=\"Tiempo de lectura\" \/>\n\t<meta name=\"twitter:data1\" content=\"1 minuto\" \/>\n<script type=\"application\/ld+json\" class=\"yoast-schema-graph\">{\"@context\":\"https:\\\/\\\/schema.org\",\"@graph\":[{\"@type\":\"WebPage\",\"@id\":\"https:\\\/\\\/jakobs-dingel.de\\\/standorte\\\/palma\\\/impressum\\\/\",\"url\":\"https:\\\/\\\/jakobs-dingel.de\\\/standorte\\\/palma\\\/impressum\\\/\",\"name\":\"Aviso legal - Jakobs &amp; Dingel Steuerberatungsgesellschaft AG\",\"isPartOf\":{\"@id\":\"https:\\\/\\\/jakobs-dingel.de\\\/#website\"},\"datePublished\":\"2024-03-24T00:49:00+00:00\",\"dateModified\":\"2024-04-19T00:50:18+00:00\",\"breadcrumb\":{\"@id\":\"https:\\\/\\\/jakobs-dingel.de\\\/standorte\\\/palma\\\/impressum\\\/#breadcrumb\"},\"inLanguage\":\"es\",\"potentialAction\":[{\"@type\":\"ReadAction\",\"target\":[\"https:\\\/\\\/jakobs-dingel.de\\\/standorte\\\/palma\\\/impressum\\\/\"]}]},{\"@type\":\"BreadcrumbList\",\"@id\":\"https:\\\/\\\/jakobs-dingel.de\\\/standorte\\\/palma\\\/impressum\\\/#breadcrumb\",\"itemListElement\":[{\"@type\":\"ListItem\",\"position\":1,\"name\":\"Startseite\",\"item\":\"https:\\\/\\\/jakobs-dingel.de\\\/\"},{\"@type\":\"ListItem\",\"position\":2,\"name\":\"Standorte\",\"item\":\"https:\\\/\\\/jakobs-dingel.de\\\/standorte\\\/\"},{\"@type\":\"ListItem\",\"position\":3,\"name\":\"Palma\",\"item\":\"https:\\\/\\\/jakobs-dingel.de\\\/es\\\/standorte\\\/palma\\\/\"},{\"@type\":\"ListItem\",\"position\":4,\"name\":\"Aviso legal\"}]},{\"@type\":\"WebSite\",\"@id\":\"https:\\\/\\\/jakobs-dingel.de\\\/#website\",\"url\":\"https:\\\/\\\/jakobs-dingel.de\\\/\",\"name\":\"Jakobs & Dingel Steuerberatungsgesellschaft AG\",\"description\":\"Steuerliche Gestaltungsberatung im unternehmerischen und privaten Bereich, sowie Steuererkl\u00e4rung, Buchf\u00fchrung und Jahresabschluss und auch Steuerrechtsdurchsetzung und betriebswirtschaftliche Beratung\",\"publisher\":{\"@id\":\"https:\\\/\\\/jakobs-dingel.de\\\/#organization\"},\"potentialAction\":[{\"@type\":\"SearchAction\",\"target\":{\"@type\":\"EntryPoint\",\"urlTemplate\":\"https:\\\/\\\/jakobs-dingel.de\\\/?s={search_term_string}\"},\"query-input\":{\"@type\":\"PropertyValueSpecification\",\"valueRequired\":true,\"valueName\":\"search_term_string\"}}],\"inLanguage\":\"es\"},{\"@type\":\"Organization\",\"@id\":\"https:\\\/\\\/jakobs-dingel.de\\\/#organization\",\"name\":\"Jakobs & Dingel Steuerberatungsgesellschaft AG\",\"url\":\"https:\\\/\\\/jakobs-dingel.de\\\/\",\"logo\":{\"@type\":\"ImageObject\",\"inLanguage\":\"es\",\"@id\":\"https:\\\/\\\/jakobs-dingel.de\\\/#\\\/schema\\\/logo\\\/image\\\/\",\"url\":\"https:\\\/\\\/jakobs-dingel.de\\\/wp-content\\\/uploads\\\/2023\\\/11\\\/Jakobs_Dingel_Logo_2305_final_02.png\",\"contentUrl\":\"https:\\\/\\\/jakobs-dingel.de\\\/wp-content\\\/uploads\\\/2023\\\/11\\\/Jakobs_Dingel_Logo_2305_final_02.png\",\"width\":1210,\"height\":884,\"caption\":\"Jakobs & Dingel Steuerberatungsgesellschaft AG\"},\"image\":{\"@id\":\"https:\\\/\\\/jakobs-dingel.de\\\/#\\\/schema\\\/logo\\\/image\\\/\"}}]}<\/script>\n<!-- \/ Yoast SEO plugin. -->","yoast_head_json":{"title":"Aviso legal - Jakobs &amp; Dingel Steuerberatungsgesellschaft AG","robots":{"index":"index","follow":"follow","max-snippet":"max-snippet:-1","max-image-preview":"max-image-preview:large","max-video-preview":"max-video-preview:-1"},"canonical":"https:\/\/jakobs-dingel.de\/standorte\/palma\/impressum\/","og_locale":"es_ES","og_type":"article","og_title":"Aviso legal - Jakobs &amp; Dingel Steuerberatungsgesellschaft AG","og_description":"Aviso legal Informaci\u00f3n seg\u00fan el \u00a7 5 TMG Jakobs &amp; Dingel Steuerberatungsgesellschaft mbH Sucursal Palma Paseo del Borne 15 3 C\/D 07012 Palma de Mallorca Registro mercantil: HRB 29343 Juzgado de registro: AG Montabaur Representado por la junta directiva: Christian Jakobs, Asesor fiscal Janik Dingel, Asesor fiscal Presidente del consejo de supervisi\u00f3n: Konrad Jakobs, Asesor&hellip;","og_url":"https:\/\/jakobs-dingel.de\/standorte\/palma\/impressum\/","og_site_name":"Jakobs &amp; Dingel Steuerberatungsgesellschaft AG","article_modified_time":"2024-04-19T00:50:18+00:00","twitter_card":"summary_large_image","twitter_misc":{"Tiempo de lectura":"1 minuto"},"schema":{"@context":"https:\/\/schema.org","@graph":[{"@type":"WebPage","@id":"https:\/\/jakobs-dingel.de\/standorte\/palma\/impressum\/","url":"https:\/\/jakobs-dingel.de\/standorte\/palma\/impressum\/","name":"Aviso legal - Jakobs &amp; Dingel Steuerberatungsgesellschaft AG","isPartOf":{"@id":"https:\/\/jakobs-dingel.de\/#website"},"datePublished":"2024-03-24T00:49:00+00:00","dateModified":"2024-04-19T00:50:18+00:00","breadcrumb":{"@id":"https:\/\/jakobs-dingel.de\/standorte\/palma\/impressum\/#breadcrumb"},"inLanguage":"es","potentialAction":[{"@type":"ReadAction","target":["https:\/\/jakobs-dingel.de\/standorte\/palma\/impressum\/"]}]},{"@type":"BreadcrumbList","@id":"https:\/\/jakobs-dingel.de\/standorte\/palma\/impressum\/#breadcrumb","itemListElement":[{"@type":"ListItem","position":1,"name":"Startseite","item":"https:\/\/jakobs-dingel.de\/"},{"@type":"ListItem","position":2,"name":"Standorte","item":"https:\/\/jakobs-dingel.de\/standorte\/"},{"@type":"ListItem","position":3,"name":"Palma","item":"https:\/\/jakobs-dingel.de\/es\/standorte\/palma\/"},{"@type":"ListItem","position":4,"name":"Aviso legal"}]},{"@type":"WebSite","@id":"https:\/\/jakobs-dingel.de\/#website","url":"https:\/\/jakobs-dingel.de\/","name":"Jakobs & Dingel Steuerberatungsgesellschaft AG","description":"Steuerliche Gestaltungsberatung im unternehmerischen und privaten Bereich, sowie Steuererkl\u00e4rung, Buchf\u00fchrung und Jahresabschluss und auch Steuerrechtsdurchsetzung und betriebswirtschaftliche Beratung","publisher":{"@id":"https:\/\/jakobs-dingel.de\/#organization"},"potentialAction":[{"@type":"SearchAction","target":{"@type":"EntryPoint","urlTemplate":"https:\/\/jakobs-dingel.de\/?s={search_term_string}"},"query-input":{"@type":"PropertyValueSpecification","valueRequired":true,"valueName":"search_term_string"}}],"inLanguage":"es"},{"@type":"Organization","@id":"https:\/\/jakobs-dingel.de\/#organization","name":"Jakobs & Dingel Steuerberatungsgesellschaft AG","url":"https:\/\/jakobs-dingel.de\/","logo":{"@type":"ImageObject","inLanguage":"es","@id":"https:\/\/jakobs-dingel.de\/#\/schema\/logo\/image\/","url":"https:\/\/jakobs-dingel.de\/wp-content\/uploads\/2023\/11\/Jakobs_Dingel_Logo_2305_final_02.png","contentUrl":"https:\/\/jakobs-dingel.de\/wp-content\/uploads\/2023\/11\/Jakobs_Dingel_Logo_2305_final_02.png","width":1210,"height":884,"caption":"Jakobs & Dingel Steuerberatungsgesellschaft AG"},"image":{"@id":"https:\/\/jakobs-dingel.de\/#\/schema\/logo\/image\/"}}]}},"_links":{"self":[{"href":"https:\/\/jakobs-dingel.de\/es\/wp-json\/wp\/v2\/pages\/2666","targetHints":{"allow":["GET"]}}],"collection":[{"href":"https:\/\/jakobs-dingel.de\/es\/wp-json\/wp\/v2\/pages"}],"about":[{"href":"https:\/\/jakobs-dingel.de\/es\/wp-json\/wp\/v2\/types\/page"}],"author":[{"embeddable":true,"href":"https:\/\/jakobs-dingel.de\/es\/wp-json\/wp\/v2\/users\/1"}],"replies":[{"embeddable":true,"href":"https:\/\/jakobs-dingel.de\/es\/wp-json\/wp\/v2\/comments?post=2666"}],"version-history":[{"count":2,"href":"https:\/\/jakobs-dingel.de\/es\/wp-json\/wp\/v2\/pages\/2666\/revisions"}],"predecessor-version":[{"id":2750,"href":"https:\/\/jakobs-dingel.de\/es\/wp-json\/wp\/v2\/pages\/2666\/revisions\/2750"}],"up":[{"embeddable":true,"href":"https:\/\/jakobs-dingel.de\/es\/wp-json\/wp\/v2\/pages\/2411"}],"wp:attachment":[{"href":"https:\/\/jakobs-dingel.de\/es\/wp-json\/wp\/v2\/media?parent=2666"}],"curies":[{"name":"wp","href":"https:\/\/api.w.org\/{rel}","templated":true}]}}